{"id":4540,"date":"2025-09-03T06:26:40","date_gmt":"2025-09-03T04:26:40","guid":{"rendered":"https:\/\/xtrategixlab.com\/?page_id=4540"},"modified":"2025-09-14T07:34:50","modified_gmt":"2025-09-14T05:34:50","slug":"contacto","status":"publish","type":"page","link":"https:\/\/xtrategixlab.com\/en\/contacto\/","title":{"rendered":"Contact"},"content":{"rendered":"<div data-elementor-type=\"wp-page\" data-elementor-id=\"4540\" class=\"elementor elementor-4540\">\n\t\t\t\t<div class=\"elementor-element elementor-element-80adb3e e-con-full e-flex no e-con e-parent\" data-id=\"80adb3e\" data-element_type=\"container\">\n\t\t<div class=\"elementor-element elementor-element-34a4791 e-con-full e-flex no e-con e-child\" data-id=\"34a4791\" data-element_type=\"container\">\n\t\t\t\t<div class=\"elementor-element elementor-element-056fea0 elementor-widget elementor-widget-ms_text_ticker\" data-id=\"056fea0\" data-element_type=\"widget\" data-widget_type=\"ms_text_ticker.default\">\n\t\t\t\t<div class=\"elementor-widget-container\">\n\t\t\t\t\t        <div class=\"ms-text-ticker\">\r\n            <div id=\"056fea0\" class=\"ms-tt-wrap\" data-speed=\"1\" data-direction=\"left\" data-scroll=\"off\" data-hover=\"slow_down\">\r\n                <div>\r\n\r\n                    <ul class=\"ms-tt\">\r\n\r\n                                                <li class=\"ms-tt__text\">The call to alliance&nbsp;<\/li>\r\n                                                            <li class=\"ms-tt__text img\"><img decoding=\"async\" src=\"https:\/\/theme.madsparrow.me\/mokko\/wp-content\/uploads\/2024\/04\/Map-circle-mokko.svg\"\/><\/li>\r\n                                                                                <li class=\"ms-tt__text\">The call to alliance&nbsp;<\/li>\r\n                                                            <li class=\"ms-tt__text img\"><img decoding=\"async\" src=\"https:\/\/theme.madsparrow.me\/mokko\/wp-content\/uploads\/2024\/04\/Map-circle-mokko.svg\"\/><\/li>\r\n                                                                                <li class=\"ms-tt__text\">The call to alliance&nbsp;<\/li>\r\n                                                            <li class=\"ms-tt__text img\"><img decoding=\"async\" src=\"https:\/\/theme.madsparrow.me\/mokko\/wp-content\/uploads\/2024\/04\/Map-circle-mokko.svg\"\/><\/li>\r\n                                                                                <li class=\"ms-tt__text\">The call to alliance&nbsp;<\/li>\r\n                                                            <li class=\"ms-tt__text img\"><img decoding=\"async\" src=\"https:\/\/theme.madsparrow.me\/mokko\/wp-content\/uploads\/2024\/04\/Map-circle-mokko.svg\"\/><\/li>\r\n                                                                                <li class=\"ms-tt__text\">The call to alliance&nbsp;<\/li>\r\n                                                            <li class=\"ms-tt__text img\"><img decoding=\"async\" src=\"https:\/\/theme.madsparrow.me\/mokko\/wp-content\/uploads\/2024\/04\/Map-circle-mokko.svg\"\/><\/li>\r\n                                                                                <li class=\"ms-tt__text\">The call to alliance&nbsp;<\/li>\r\n                                                            <li class=\"ms-tt__text img\"><img decoding=\"async\" src=\"https:\/\/theme.madsparrow.me\/mokko\/wp-content\/uploads\/2024\/04\/Map-circle-mokko.svg\"\/><\/li>\r\n                                                        \r\n                    <\/ul>\r\n                    \r\n                <\/div>\r\n            <\/div>\r\n        <\/div>\r\n        \t\t\t\t<\/div>\n\t\t\t\t<\/div>\n\t\t\t\t<\/div>\n\t\t\t\t<\/div>\n\t\t<div class=\"elementor-element elementor-element-e549d1b e-flex e-con-boxed no e-con e-parent\" data-id=\"e549d1b\" data-element_type=\"container\">\n\t\t\t\t\t<div class=\"e-con-inner\">\n\t\t<div class=\"elementor-element elementor-element-7d63fa9 e-con-full e-flex no e-con e-child\" data-id=\"7d63fa9\" data-element_type=\"container\" data-settings=\"{&quot;background_background&quot;:&quot;classic&quot;}\">\n\t\t\t\t<div class=\"elementor-element elementor-element-b2e5453 elementor-widget__width-initial elementor-widget elementor-widget-ms-contact-form-7\" data-id=\"b2e5453\" data-element_type=\"widget\" data-widget_type=\"ms-contact-form-7.default\">\n\t\t\t\t<div class=\"elementor-widget-container\">\n\t\t\t\t\t\r\n        <div class=\"ms-contact-form-7  on style_2\">\r\n\r\n            \n<div class=\"wpcf7 no-js\" id=\"wpcf7-f78-o1\" lang=\"en-US\" dir=\"ltr\" data-wpcf7-id=\"78\">\n<div class=\"screen-reader-response\"><p role=\"status\" aria-live=\"polite\" aria-atomic=\"true\"><\/p> <ul><\/ul><\/div>\n<form action=\"\/en\/wp-json\/wp\/v2\/pages\/4540#wpcf7-f78-o1\" method=\"post\" class=\"wpcf7-form init\" aria-label=\"Contact form\" novalidate=\"novalidate\" data-status=\"init\" data-trp-original-action=\"\/en\/wp-json\/wp\/v2\/pages\/4540#wpcf7-f78-o1\">\n<fieldset class=\"hidden-fields-container\"><input type=\"hidden\" name=\"_wpcf7\" value=\"78\" \/><input type=\"hidden\" name=\"_wpcf7_version\" value=\"6.1.3\" \/><input type=\"hidden\" name=\"_wpcf7_locale\" value=\"en_US\" \/><input type=\"hidden\" name=\"_wpcf7_unit_tag\" value=\"wpcf7-f78-o1\" \/><input type=\"hidden\" name=\"_wpcf7_container_post\" value=\"0\" \/><input type=\"hidden\" name=\"_wpcf7_posted_data_hash\" value=\"\" \/><input type=\"hidden\" name=\"_wpcf7_recaptcha_response\" value=\"\" \/>\n<\/fieldset>\n<div class=\"row\">\n\t<div style=\"display:none;\">\n\t\t<p><span class=\"wpcf7-form-control-wrap\" data-name=\"your-company\"><input size=\"40\" maxlength=\"400\" class=\"wpcf7-form-control wpcf7-text\" aria-invalid=\"false\" placeholder=\"Dejar este campo vac\u00edo\" value=\"\" type=\"text\" name=\"your-company\" \/><\/span>\n\t\t<\/p>\n\t<\/div>\n\t<div class=\"form-group col-6\">\n\t\t<p><span class=\"wpcf7-form-control-wrap\" data-name=\"your-name\"><input size=\"40\" maxlength=\"400\" class=\"wpcf7-form-control wpcf7-text wpcf7-validates-as-required form-control\" aria-required=\"true\" aria-invalid=\"false\" placeholder=\"Name\" value=\"\" type=\"text\" name=\"your-name\" \/><\/span>\n\t\t<\/p>\n\t<\/div>\n\t<div class=\"form-group col-6\">\n\t\t<p><span class=\"wpcf7-form-control-wrap\" data-name=\"your-email\"><input size=\"40\" maxlength=\"400\" class=\"wpcf7-form-control wpcf7-email wpcf7-validates-as-required wpcf7-text wpcf7-validates-as-email form-control\" aria-required=\"true\" aria-invalid=\"false\" placeholder=\"Email\" value=\"\" type=\"email\" name=\"your-email\" \/><\/span>\n\t\t<\/p>\n\t<\/div>\n\t<div class=\"form-group col-12\">\n\t\t<p><span class=\"wpcf7-form-control-wrap\" data-name=\"your-phone\"><input size=\"40\" maxlength=\"400\" class=\"wpcf7-form-control wpcf7-text wpcf7-validates-as-required form-control\" aria-required=\"true\" aria-invalid=\"false\" placeholder=\"Telephone\" value=\"\" type=\"text\" name=\"your-phone\" \/><\/span>\n\t\t<\/p>\n\t<\/div>\n\t<div class=\"form-group col-12\">\n\t\t<p><span class=\"wpcf7-form-control-wrap\" data-name=\"message\"><textarea cols=\"40\" rows=\"10\" maxlength=\"2000\" class=\"wpcf7-form-control wpcf7-textarea form-control\" aria-invalid=\"false\" placeholder=\"Message\" name=\"message\"><\/textarea><\/span>\n\t\t<\/p>\n\t<\/div>\n\t<div class=\"form-group col-12\">\n\t\t<center>\n\t\t<span class=\"wpcf7-form-control-wrap recaptcha\" data-name=\"recaptcha\"><span data-sitekey=\"6LeIVGEqAAAAAK_zZHyqkChCch6JfgHdiiMKb4TU\" class=\"wpcf7-form-control wpcf7-recaptcha g-recaptcha\"><\/span>\r\n<noscript>\r\n\t<div class=\"grecaptcha-noscript\">\r\n\t\t<iframe src=\"https:\/\/www.google.com\/recaptcha\/api\/fallback?k=6LeIVGEqAAAAAK_zZHyqkChCch6JfgHdiiMKb4TU\" frameborder=\"0\" scrolling=\"no\" width=\"310\" height=\"430\">\r\n\t\t<\/iframe>\r\n\t\t<textarea name=\"g-recaptcha-response\" rows=\"3\" cols=\"40\" placeholder=\"reCaptcha Response Here\">\r\n\t\t<\/textarea>\r\n\t<\/div>\r\n<\/noscript>\r\n<\/span>\n\t\t<\/center>\n\t<\/div>\n\t<div class=\"ms-cf--bottom\">\n\t\t<div class=\"wpcf7-btn\">\n\t\t\t<p><input class=\"wpcf7-form-control wpcf7-submit has-spinner wpcf7-btn\" type=\"submit\" value=\"Send\" \/>\n\t\t\t<\/p>\n\t\t<\/div>\n\t<\/div>\n<\/div><div class=\"wpcf7-response-output\" aria-hidden=\"true\"><\/div>\n<input type=\"hidden\" name=\"trp-form-language\" value=\"en\"\/><\/form>\n<\/div>\n\r\n        <\/div>\r\n\r\n        \t\t\t\t<\/div>\n\t\t\t\t<\/div>\n\t\t\t\t<\/div>\n\t\t<div class=\"elementor-element elementor-element-581eb38 e-con-full e-flex no e-con e-child\" data-id=\"581eb38\" data-element_type=\"container\">\n\t\t<div class=\"elementor-element elementor-element-6d4ebd6 e-con-full e-flex no e-con e-child\" data-id=\"6d4ebd6\" data-element_type=\"container\">\n\t\t\t\t<div class=\"elementor-element elementor-element-ae6820d elementor-widget elementor-widget-text-editor\" data-id=\"ae6820d\" data-element_type=\"widget\" data-widget_type=\"text-editor.default\">\n\t\t\t\t\t\t\t\t\t<p>In <span class=\".brnad-word\">XTRATEGICXLAB<\/span> we want to hear your story, your challenges, and your goals. Every battle begins with a conversation, and this is the first step toward conquering your market.<\/p><p>Complete the form and a member of our team will contact you to design a plan tailored to your needs.<\/p>\t\t\t\t\t\t\t\t<\/div>\n\t\t\t\t<\/div>\n\t\t<div class=\"elementor-element elementor-element-0cc063b e-con-full e-flex no e-con e-child\" data-id=\"0cc063b\" data-element_type=\"container\">\n\t\t<div class=\"elementor-element elementor-element-a12cf90 e-con-full e-flex no e-con e-child\" data-id=\"a12cf90\" data-element_type=\"container\">\n\t\t\t\t<div class=\"elementor-element elementor-element-444219d elementor-widget elementor-widget-heading\" data-id=\"444219d\" data-element_type=\"widget\" data-widget_type=\"heading.default\">\n\t\t\t\t\t<h2 class=\"elementor-heading-title elementor-size-default\">Call us<\/h2>\t\t\t\t<\/div>\n\t\t\t\t<div class=\"elementor-element elementor-element-7b9ebd3 elementor-widget elementor-widget-ms-simple-link\" data-id=\"7b9ebd3\" data-element_type=\"widget\" data-widget_type=\"ms-simple-link.default\">\n\t\t\t\t<div class=\"elementor-widget-container\">\n\t\t\t\t\t\r\n        <a class=\"ms-sl\" role=\"button\" data-transition=\"no\" data-style=\"no\" href=\"tel: +52 1 55 5546 4355\" target=\"hidden-iframe\">\r\n\r\n            \r\n            +52 1 55 5546 4355\r\n            \r\n        <\/a>\r\n\r\n        \t\t\t\t<\/div>\n\t\t\t\t<\/div>\n\t\t\t\t<\/div>\n\t\t<div class=\"elementor-element elementor-element-dbbd51c e-con-full e-flex no e-con e-child\" data-id=\"dbbd51c\" data-element_type=\"container\">\n\t\t\t\t<div class=\"elementor-element elementor-element-5e6867f elementor-widget elementor-widget-heading\" data-id=\"5e6867f\" data-element_type=\"widget\" data-widget_type=\"heading.default\">\n\t\t\t\t\t<h2 class=\"elementor-heading-title elementor-size-default\">Drop us a line<\/h2>\t\t\t\t<\/div>\n\t\t\t\t<div class=\"elementor-element elementor-element-4c057b9 elementor-widget elementor-widget-ms-simple-link\" data-id=\"4c057b9\" data-element_type=\"widget\" data-widget_type=\"ms-simple-link.default\">\n\t\t\t\t<div class=\"elementor-widget-container\">\n\t\t\t\t\t\r\n        <a class=\"ms-sl\" role=\"button\" data-transition=\"no\" data-style=\"no\" href=\"mailto:informacion@xtrategixlab.com\" target=\"hidden-iframe\">\r\n\r\n            \r\n            informacion@xtrategixlab.com\r\n            \r\n        <\/a>\r\n\r\n        \t\t\t\t<\/div>\n\t\t\t\t<\/div>\n\t\t\t\t<\/div>\n\t\t<div class=\"elementor-element elementor-element-10dc415 e-con-full e-flex no e-con e-child\" data-id=\"10dc415\" data-element_type=\"container\">\n\t\t\t\t<div class=\"elementor-element elementor-element-a1dca60 elementor-widget elementor-widget-heading\" data-id=\"a1dca60\" data-element_type=\"widget\" data-widget_type=\"heading.default\">\n\t\t\t\t\t<h2 class=\"elementor-heading-title elementor-size-default\">Direcci\u00f3n<\/h2>\t\t\t\t<\/div>\n\t\t\t\t<div class=\"elementor-element elementor-element-a3f2042 elementor-widget elementor-widget-ms-simple-link\" data-id=\"a3f2042\" data-element_type=\"widget\" data-widget_type=\"ms-simple-link.default\">\n\t\t\t\t<div class=\"elementor-widget-container\">\n\t\t\t\t\t\r\n        <a class=\"ms-sl\" role=\"button\" data-transition=\"no\" data-style=\"no\" target=\"hidden-iframe\">\r\n\r\n            \r\n            CALLE R\u00cdO GUADIANA NO.23 PISO 2, COL. RENACIMIENTO, ALCALDIA CUAUHT\u00c9MOC, C.P. 06500 CIUDAD DE M\u00c9XICO, CDMX\r\n            \r\n        <\/a>\r\n\r\n        \t\t\t\t<\/div>\n\t\t\t\t<\/div>\n\t\t\t\t<\/div>\n\t\t\t\t<\/div>\n\t\t\t\t<\/div>\n\t\t\t\t\t<\/div>\n\t\t\t\t<\/div>\n\t\t\t\t<\/div>","protected":false},"excerpt":{"rendered":"<p>El llamado a la alianza&nbsp; El llamado a la alianza&nbsp; El llamado a la alianza&nbsp; El llamado a la alianza&nbsp; El llamado a la [&hellip;]<\/p>","protected":false},"author":1,"featured_media":0,"parent":0,"menu_order":0,"comment_status":"closed","ping_status":"closed","template":"page-custom.php","meta":{"_acf_changed":false,"inline_featured_image":false,"footnotes":""},"class_list":["post-4540","page","type-page","status-publish","hentry"],"acf":{"choi\u0441e_menu_page":"global_settings","full_width":false,"header_transparent":false,"header_white":false,"menu_type_page":"default","menu_align_page":"default"},"_links":{"self":[{"href":"https:\/\/xtrategixlab.com\/en\/wp-json\/wp\/v2\/pages\/4540","targetHints":{"allow":["GET"]}}],"collection":[{"href":"https:\/\/xtrategixlab.com\/en\/wp-json\/wp\/v2\/pages"}],"about":[{"href":"https:\/\/xtrategixlab.com\/en\/wp-json\/wp\/v2\/types\/page"}],"author":[{"embeddable":true,"href":"https:\/\/xtrategixlab.com\/en\/wp-json\/wp\/v2\/users\/1"}],"replies":[{"embeddable":true,"href":"https:\/\/xtrategixlab.com\/en\/wp-json\/wp\/v2\/comments?post=4540"}],"version-history":[{"count":14,"href":"https:\/\/xtrategixlab.com\/en\/wp-json\/wp\/v2\/pages\/4540\/revisions"}],"predecessor-version":[{"id":4784,"href":"https:\/\/xtrategixlab.com\/en\/wp-json\/wp\/v2\/pages\/4540\/revisions\/4784"}],"wp:attachment":[{"href":"https:\/\/xtrategixlab.com\/en\/wp-json\/wp\/v2\/media?parent=4540"}],"curies":[{"name":"wp","href":"https:\/\/api.w.org\/{rel}","templated":true}]}}