{"id":4857,"date":"2025-09-17T06:58:00","date_gmt":"2025-09-17T04:58:00","guid":{"rendered":"https:\/\/xtrategixlab.com\/?post_type=product&#038;p=4857"},"modified":"2025-09-19T01:04:06","modified_gmt":"2025-09-18T23:04:06","slug":"planificacion-y-ejecucion-de-campanas-glorioso","status":"publish","type":"product","link":"https:\/\/xtrategixlab.com\/en\/product\/planificacion-y-ejecucion-de-campanas-glorioso\/","title":{"rendered":"Planificaci\u00f3n y ejecuci\u00f3n de campa\u00f1as &#8211; Glorioso"},"content":{"rendered":"","protected":false},"excerpt":{"rendered":"","protected":false},"featured_media":4879,"template":"","meta":{"_acf_changed":false,"inline_featured_image":false},"product_brand":[],"product_cat":[45],"product_tag":[],"class_list":{"0":"post-4857","1":"product","2":"type-product","3":"status-publish","4":"has-post-thumbnail","6":"product_cat-plan","7":"tm-no-options","9":"first","10":"instock","11":"sold-individually","12":"taxable","13":"shipping-taxable","14":"purchasable","15":"product-type-simple"},"acf":{"choi\u0441e_menu_page":"global_settings","full_width":false,"header_transparent":false,"header_white":false,"menu_type_page":"default","menu_align_page":"default"},"_links":{"self":[{"href":"https:\/\/xtrategixlab.com\/en\/wp-json\/wp\/v2\/product\/4857","targetHints":{"allow":["GET"]}}],"collection":[{"href":"https:\/\/xtrategixlab.com\/en\/wp-json\/wp\/v2\/product"}],"about":[{"href":"https:\/\/xtrategixlab.com\/en\/wp-json\/wp\/v2\/types\/product"}],"version-history":[{"count":1,"href":"https:\/\/xtrategixlab.com\/en\/wp-json\/wp\/v2\/product\/4857\/revisions"}],"predecessor-version":[{"id":4858,"href":"https:\/\/xtrategixlab.com\/en\/wp-json\/wp\/v2\/product\/4857\/revisions\/4858"}],"wp:featuredmedia":[{"embeddable":true,"href":"https:\/\/xtrategixlab.com\/en\/wp-json\/wp\/v2\/media\/4879"}],"wp:attachment":[{"href":"https:\/\/xtrategixlab.com\/en\/wp-json\/wp\/v2\/media?parent=4857"}],"wp:term":[{"taxonomy":"product_brand","embeddable":true,"href":"https:\/\/xtrategixlab.com\/en\/wp-json\/wp\/v2\/product_brand?post=4857"},{"taxonomy":"product_cat","embeddable":true,"href":"https:\/\/xtrategixlab.com\/en\/wp-json\/wp\/v2\/product_cat?post=4857"},{"taxonomy":"product_tag","embeddable":true,"href":"https:\/\/xtrategixlab.com\/en\/wp-json\/wp\/v2\/product_tag?post=4857"}],"curies":[{"name":"wp","href":"https:\/\/api.w.org\/{rel}","templated":true}]}}